{"id":416,"date":"2023-01-04T10:12:33","date_gmt":"2023-01-04T04:12:33","guid":{"rendered":"https:\/\/gold-goldfish-924884.hostingersite.com\/?page_id=416"},"modified":"2023-02-04T09:42:17","modified_gmt":"2023-02-04T03:42:17","slug":"capacitaciones","status":"publish","type":"page","link":"https:\/\/distribuidoraarco.com\/?page_id=416","title":{"rendered":"CAPACITACIONES"},"content":{"rendered":"\t\t<div data-elementor-type=\"wp-page\" data-elementor-id=\"416\" class=\"elementor elementor-416\" data-elementor-post-type=\"page\">\n\t\t\t\t\t\t<section class=\"elementor-section elementor-top-section elementor-element elementor-element-c6f3274 elementor-section-boxed elementor-section-height-default elementor-section-height-default\" data-id=\"c6f3274\" data-element_type=\"section\" data-e-type=\"section\">\n\t\t\t\t\t\t<div class=\"elementor-container elementor-column-gap-default\">\n\t\t\t\t\t<div class=\"elementor-column elementor-col-100 elementor-top-column elementor-element elementor-element-7f9b5bc\" data-id=\"7f9b5bc\" data-element_type=\"column\" data-e-type=\"column\">\n\t\t\t<div class=\"elementor-widget-wrap elementor-element-populated\">\n\t\t\t\t\t\t<div class=\"elementor-element elementor-element-eec8e01 elementor-widget elementor-widget-spacer\" data-id=\"eec8e01\" data-element_type=\"widget\" data-e-type=\"widget\" data-widget_type=\"spacer.default\">\n\t\t\t\t<div class=\"elementor-widget-container\">\n\t\t\t\t\t\t\t<div class=\"elementor-spacer\">\n\t\t\t<div class=\"elementor-spacer-inner\"><\/div>\n\t\t<\/div>\n\t\t\t\t\t\t<\/div>\n\t\t\t\t<\/div>\n\t\t\t\t<div class=\"elementor-element elementor-element-29e10ce elementor-widget elementor-widget-heading\" data-id=\"29e10ce\" data-element_type=\"widget\" data-e-type=\"widget\" data-widget_type=\"heading.default\">\n\t\t\t\t<div class=\"elementor-widget-container\">\n\t\t\t\t\t<h2 class=\"elementor-heading-title elementor-size-default\">CERTIFICACIONES<\/h2>\t\t\t\t<\/div>\n\t\t\t\t<\/div>\n\t\t\t\t<div class=\"elementor-element elementor-element-ab8f791 elementor-grid-3 elementor-grid-tablet-2 elementor-grid-mobile-1 elementor-widget elementor-widget-portfolio\" data-id=\"ab8f791\" data-element_type=\"widget\" data-e-type=\"widget\" data-settings=\"{&quot;columns&quot;:&quot;3&quot;,&quot;columns_tablet&quot;:&quot;2&quot;,&quot;columns_mobile&quot;:&quot;1&quot;,&quot;item_ratio&quot;:{&quot;unit&quot;:&quot;px&quot;,&quot;size&quot;:0.66,&quot;sizes&quot;:[]},&quot;item_gap&quot;:{&quot;unit&quot;:&quot;px&quot;,&quot;size&quot;:&quot;&quot;,&quot;sizes&quot;:[]},&quot;row_gap&quot;:{&quot;unit&quot;:&quot;px&quot;,&quot;size&quot;:&quot;&quot;,&quot;sizes&quot;:[]}}\" data-widget_type=\"portfolio.default\">\n\t\t\t\t<div class=\"elementor-widget-container\">\n\t\t\t\t\t\t\t<div class=\"elementor-portfolio elementor-grid elementor-posts-container\" role=\"list\">\n\t\t\t\t<article class=\"elementor-portfolio-item elementor-post  post-910 post type-post status-publish format-standard has-post-thumbnail hentry category-certificaciones\" role=\"listitem\">\n\t\t\t<a class=\"elementor-post__thumbnail__link\" href=\"https:\/\/distribuidoraarco.com\/?p=910\">\n\t\t\t\t<div class=\"elementor-portfolio-item__img elementor-post__thumbnail\">\n\t\t\t<img fetchpriority=\"high\" decoding=\"async\" width=\"300\" height=\"198\" src=\"https:\/\/distribuidoraarco.com\/wp-content\/uploads\/2023\/01\/medicina-tradicional-mexicana-300x198.jpg\" class=\"attachment-medium size-medium wp-image-930\" alt=\"\" srcset=\"https:\/\/distribuidoraarco.com\/wp-content\/uploads\/2023\/01\/medicina-tradicional-mexicana-300x198.jpg 300w, https:\/\/distribuidoraarco.com\/wp-content\/uploads\/2023\/01\/medicina-tradicional-mexicana-600x395.jpg 600w, https:\/\/distribuidoraarco.com\/wp-content\/uploads\/2023\/01\/medicina-tradicional-mexicana-64x42.jpg 64w, https:\/\/distribuidoraarco.com\/wp-content\/uploads\/2023\/01\/medicina-tradicional-mexicana.jpg 750w\" sizes=\"(max-width: 300px) 100vw, 300px\" \/>\t\t<\/div>\n\t\t\t\t<div class=\"elementor-portfolio-item__overlay\">\n\t\t\t\t<h3 class=\"elementor-portfolio-item__title\">\n\t\tCERTIFICACI\u00d3N EN MEDICINA TRADICIONAL MEXICANA Y HERBOLARIA\t\t<\/h3>\n\t\t\t\t<\/div>\n\t\t\t\t<\/a>\n\t\t<\/article>\n\t\t\t\t<article class=\"elementor-portfolio-item elementor-post  post-904 post type-post status-publish format-standard has-post-thumbnail hentry category-certificaciones\" role=\"listitem\">\n\t\t\t<a class=\"elementor-post__thumbnail__link\" href=\"https:\/\/distribuidoraarco.com\/?p=904\">\n\t\t\t\t<div class=\"elementor-portfolio-item__img elementor-post__thumbnail\">\n\t\t\t<img decoding=\"async\" width=\"300\" height=\"198\" src=\"https:\/\/distribuidoraarco.com\/wp-content\/uploads\/2023\/01\/mesoterapia-300x198.jpg\" class=\"attachment-medium size-medium wp-image-928\" alt=\"\" srcset=\"https:\/\/distribuidoraarco.com\/wp-content\/uploads\/2023\/01\/mesoterapia-300x198.jpg 300w, https:\/\/distribuidoraarco.com\/wp-content\/uploads\/2023\/01\/mesoterapia-600x395.jpg 600w, https:\/\/distribuidoraarco.com\/wp-content\/uploads\/2023\/01\/mesoterapia-64x42.jpg 64w, https:\/\/distribuidoraarco.com\/wp-content\/uploads\/2023\/01\/mesoterapia.jpg 750w\" sizes=\"(max-width: 300px) 100vw, 300px\" loading=\"lazy\" \/>\t\t<\/div>\n\t\t\t\t<div class=\"elementor-portfolio-item__overlay\">\n\t\t\t\t<h3 class=\"elementor-portfolio-item__title\">\n\t\tCERTIFICACI\u00d3N EN TERAP\u00cdA NEURAL Y MESOTERAPIA\t\t<\/h3>\n\t\t\t\t<\/div>\n\t\t\t\t<\/a>\n\t\t<\/article>\n\t\t\t\t<article class=\"elementor-portfolio-item elementor-post  post-898 post type-post status-publish format-standard has-post-thumbnail hentry category-certificaciones\" role=\"listitem\">\n\t\t\t<a class=\"elementor-post__thumbnail__link\" href=\"https:\/\/distribuidoraarco.com\/?p=898\">\n\t\t\t\t<div class=\"elementor-portfolio-item__img elementor-post__thumbnail\">\n\t\t\t<img decoding=\"async\" width=\"300\" height=\"198\" src=\"https:\/\/distribuidoraarco.com\/wp-content\/uploads\/2023\/01\/fisioioterapia-y-rehabilitacion-300x198.jpg\" class=\"attachment-medium size-medium wp-image-932\" alt=\"\" srcset=\"https:\/\/distribuidoraarco.com\/wp-content\/uploads\/2023\/01\/fisioioterapia-y-rehabilitacion-300x198.jpg 300w, https:\/\/distribuidoraarco.com\/wp-content\/uploads\/2023\/01\/fisioioterapia-y-rehabilitacion-600x395.jpg 600w, https:\/\/distribuidoraarco.com\/wp-content\/uploads\/2023\/01\/fisioioterapia-y-rehabilitacion-64x42.jpg 64w, https:\/\/distribuidoraarco.com\/wp-content\/uploads\/2023\/01\/fisioioterapia-y-rehabilitacion.jpg 750w\" sizes=\"(max-width: 300px) 100vw, 300px\" loading=\"lazy\" \/>\t\t<\/div>\n\t\t\t\t<div class=\"elementor-portfolio-item__overlay\">\n\t\t\t\t<h3 class=\"elementor-portfolio-item__title\">\n\t\tCERTIFICACI\u00d3N EN TERAP\u00cdA F\u00cdSICA Y REHABILITACI\u00d3N\t\t<\/h3>\n\t\t\t\t<\/div>\n\t\t\t\t<\/a>\n\t\t<\/article>\n\t\t\t\t<article class=\"elementor-portfolio-item elementor-post  post-712 post type-post status-publish format-standard has-post-thumbnail hentry category-certificaciones\" role=\"listitem\">\n\t\t\t<a class=\"elementor-post__thumbnail__link\" href=\"https:\/\/distribuidoraarco.com\/?p=712\">\n\t\t\t\t<div class=\"elementor-portfolio-item__img elementor-post__thumbnail\">\n\t\t\t<img loading=\"lazy\" decoding=\"async\" width=\"300\" height=\"198\" src=\"https:\/\/distribuidoraarco.com\/wp-content\/uploads\/2023\/01\/acupuntura-300x198.jpg\" class=\"attachment-medium size-medium wp-image-931\" alt=\"\" srcset=\"https:\/\/distribuidoraarco.com\/wp-content\/uploads\/2023\/01\/acupuntura-300x198.jpg 300w, https:\/\/distribuidoraarco.com\/wp-content\/uploads\/2023\/01\/acupuntura-600x395.jpg 600w, https:\/\/distribuidoraarco.com\/wp-content\/uploads\/2023\/01\/acupuntura-64x42.jpg 64w, https:\/\/distribuidoraarco.com\/wp-content\/uploads\/2023\/01\/acupuntura.jpg 750w\" sizes=\"(max-width: 300px) 100vw, 300px\" \/>\t\t<\/div>\n\t\t\t\t<div class=\"elementor-portfolio-item__overlay\">\n\t\t\t\t<h3 class=\"elementor-portfolio-item__title\">\n\t\tCERTIFICACI\u00d3N EN ACUPUNTURA\t\t<\/h3>\n\t\t\t\t<\/div>\n\t\t\t\t<\/a>\n\t\t<\/article>\n\t\t\t\t<article class=\"elementor-portfolio-item elementor-post  post-429 post type-post status-publish format-standard has-post-thumbnail hentry category-certificaciones\" role=\"listitem\">\n\t\t\t<a class=\"elementor-post__thumbnail__link\" href=\"https:\/\/distribuidoraarco.com\/?p=429\">\n\t\t\t\t<div class=\"elementor-portfolio-item__img elementor-post__thumbnail\">\n\t\t\t<img loading=\"lazy\" decoding=\"async\" width=\"300\" height=\"198\" src=\"https:\/\/distribuidoraarco.com\/wp-content\/uploads\/2023\/01\/cosmiatria-300x198.jpg\" class=\"attachment-medium size-medium wp-image-933\" alt=\"\" srcset=\"https:\/\/distribuidoraarco.com\/wp-content\/uploads\/2023\/01\/cosmiatria-300x198.jpg 300w, https:\/\/distribuidoraarco.com\/wp-content\/uploads\/2023\/01\/cosmiatria-600x395.jpg 600w, https:\/\/distribuidoraarco.com\/wp-content\/uploads\/2023\/01\/cosmiatria-64x42.jpg 64w, https:\/\/distribuidoraarco.com\/wp-content\/uploads\/2023\/01\/cosmiatria.jpg 750w\" sizes=\"(max-width: 300px) 100vw, 300px\" \/>\t\t<\/div>\n\t\t\t\t<div class=\"elementor-portfolio-item__overlay\">\n\t\t\t\t<h3 class=\"elementor-portfolio-item__title\">\n\t\tCERTIFICACI\u00d3N EN COSMIATR\u00cdA\t\t<\/h3>\n\t\t\t\t<\/div>\n\t\t\t\t<\/a>\n\t\t<\/article>\n\t\t\t\t<\/div>\n\t\t\t\t\t\t<\/div>\n\t\t\t\t<\/div>\n\t\t\t\t<div class=\"elementor-element elementor-element-6aebbcd elementor-widget elementor-widget-spacer\" data-id=\"6aebbcd\" data-element_type=\"widget\" data-e-type=\"widget\" data-widget_type=\"spacer.default\">\n\t\t\t\t<div class=\"elementor-widget-container\">\n\t\t\t\t\t\t\t<div class=\"elementor-spacer\">\n\t\t\t<div class=\"elementor-spacer-inner\"><\/div>\n\t\t<\/div>\n\t\t\t\t\t\t<\/div>\n\t\t\t\t<\/div>\n\t\t\t\t<div class=\"elementor-element elementor-element-40a11ce elementor-hidden-desktop elementor-hidden-tablet elementor-hidden-mobile elementor-widget elementor-widget-heading\" data-id=\"40a11ce\" data-element_type=\"widget\" data-e-type=\"widget\" data-widget_type=\"heading.default\">\n\t\t\t\t<div class=\"elementor-widget-container\">\n\t\t\t\t\t<h2 class=\"elementor-heading-title elementor-size-default\">DIPLOMADOS<\/h2>\t\t\t\t<\/div>\n\t\t\t\t<\/div>\n\t\t\t\t<div class=\"elementor-element elementor-element-d495a16 elementor-hidden-desktop elementor-hidden-tablet elementor-hidden-mobile elementor-grid-3 elementor-grid-tablet-2 elementor-grid-mobile-1 elementor-widget elementor-widget-portfolio\" data-id=\"d495a16\" data-element_type=\"widget\" data-e-type=\"widget\" data-settings=\"{&quot;columns&quot;:&quot;3&quot;,&quot;columns_tablet&quot;:&quot;2&quot;,&quot;columns_mobile&quot;:&quot;1&quot;,&quot;item_ratio&quot;:{&quot;unit&quot;:&quot;px&quot;,&quot;size&quot;:0.66,&quot;sizes&quot;:[]},&quot;item_gap&quot;:{&quot;unit&quot;:&quot;px&quot;,&quot;size&quot;:&quot;&quot;,&quot;sizes&quot;:[]},&quot;row_gap&quot;:{&quot;unit&quot;:&quot;px&quot;,&quot;size&quot;:&quot;&quot;,&quot;sizes&quot;:[]}}\" data-widget_type=\"portfolio.default\">\n\t\t\t\t<div class=\"elementor-widget-container\">\n\t\t\t\t\t\t\t<div class=\"elementor-portfolio elementor-grid elementor-posts-container\" role=\"list\">\n\t\t\t\t<article class=\"elementor-portfolio-item elementor-post  post-910 post type-post status-publish format-standard has-post-thumbnail hentry category-certificaciones\" role=\"listitem\">\n\t\t\t<a class=\"elementor-post__thumbnail__link\" href=\"https:\/\/distribuidoraarco.com\/?p=910\">\n\t\t\t\t<div class=\"elementor-portfolio-item__img elementor-post__thumbnail\">\n\t\t\t<img fetchpriority=\"high\" decoding=\"async\" width=\"300\" height=\"198\" src=\"https:\/\/distribuidoraarco.com\/wp-content\/uploads\/2023\/01\/medicina-tradicional-mexicana-300x198.jpg\" class=\"attachment-medium size-medium wp-image-930\" alt=\"\" srcset=\"https:\/\/distribuidoraarco.com\/wp-content\/uploads\/2023\/01\/medicina-tradicional-mexicana-300x198.jpg 300w, https:\/\/distribuidoraarco.com\/wp-content\/uploads\/2023\/01\/medicina-tradicional-mexicana-600x395.jpg 600w, https:\/\/distribuidoraarco.com\/wp-content\/uploads\/2023\/01\/medicina-tradicional-mexicana-64x42.jpg 64w, https:\/\/distribuidoraarco.com\/wp-content\/uploads\/2023\/01\/medicina-tradicional-mexicana.jpg 750w\" sizes=\"(max-width: 300px) 100vw, 300px\" \/>\t\t<\/div>\n\t\t\t\t<div class=\"elementor-portfolio-item__overlay\">\n\t\t\t\t<h3 class=\"elementor-portfolio-item__title\">\n\t\tCERTIFICACI\u00d3N EN MEDICINA TRADICIONAL MEXICANA Y HERBOLARIA\t\t<\/h3>\n\t\t\t\t<\/div>\n\t\t\t\t<\/a>\n\t\t<\/article>\n\t\t\t\t<article class=\"elementor-portfolio-item elementor-post  post-904 post type-post status-publish format-standard has-post-thumbnail hentry category-certificaciones\" role=\"listitem\">\n\t\t\t<a class=\"elementor-post__thumbnail__link\" href=\"https:\/\/distribuidoraarco.com\/?p=904\">\n\t\t\t\t<div class=\"elementor-portfolio-item__img elementor-post__thumbnail\">\n\t\t\t<img decoding=\"async\" width=\"300\" height=\"198\" src=\"https:\/\/distribuidoraarco.com\/wp-content\/uploads\/2023\/01\/mesoterapia-300x198.jpg\" class=\"attachment-medium size-medium wp-image-928\" alt=\"\" srcset=\"https:\/\/distribuidoraarco.com\/wp-content\/uploads\/2023\/01\/mesoterapia-300x198.jpg 300w, https:\/\/distribuidoraarco.com\/wp-content\/uploads\/2023\/01\/mesoterapia-600x395.jpg 600w, https:\/\/distribuidoraarco.com\/wp-content\/uploads\/2023\/01\/mesoterapia-64x42.jpg 64w, https:\/\/distribuidoraarco.com\/wp-content\/uploads\/2023\/01\/mesoterapia.jpg 750w\" sizes=\"(max-width: 300px) 100vw, 300px\" loading=\"lazy\" \/>\t\t<\/div>\n\t\t\t\t<div class=\"elementor-portfolio-item__overlay\">\n\t\t\t\t<h3 class=\"elementor-portfolio-item__title\">\n\t\tCERTIFICACI\u00d3N EN TERAP\u00cdA NEURAL Y MESOTERAPIA\t\t<\/h3>\n\t\t\t\t<\/div>\n\t\t\t\t<\/a>\n\t\t<\/article>\n\t\t\t\t<article class=\"elementor-portfolio-item elementor-post  post-898 post type-post status-publish format-standard has-post-thumbnail hentry category-certificaciones\" role=\"listitem\">\n\t\t\t<a class=\"elementor-post__thumbnail__link\" href=\"https:\/\/distribuidoraarco.com\/?p=898\">\n\t\t\t\t<div class=\"elementor-portfolio-item__img elementor-post__thumbnail\">\n\t\t\t<img decoding=\"async\" width=\"300\" height=\"198\" src=\"https:\/\/distribuidoraarco.com\/wp-content\/uploads\/2023\/01\/fisioioterapia-y-rehabilitacion-300x198.jpg\" class=\"attachment-medium size-medium wp-image-932\" alt=\"\" srcset=\"https:\/\/distribuidoraarco.com\/wp-content\/uploads\/2023\/01\/fisioioterapia-y-rehabilitacion-300x198.jpg 300w, https:\/\/distribuidoraarco.com\/wp-content\/uploads\/2023\/01\/fisioioterapia-y-rehabilitacion-600x395.jpg 600w, https:\/\/distribuidoraarco.com\/wp-content\/uploads\/2023\/01\/fisioioterapia-y-rehabilitacion-64x42.jpg 64w, https:\/\/distribuidoraarco.com\/wp-content\/uploads\/2023\/01\/fisioioterapia-y-rehabilitacion.jpg 750w\" sizes=\"(max-width: 300px) 100vw, 300px\" loading=\"lazy\" \/>\t\t<\/div>\n\t\t\t\t<div class=\"elementor-portfolio-item__overlay\">\n\t\t\t\t<h3 class=\"elementor-portfolio-item__title\">\n\t\tCERTIFICACI\u00d3N EN TERAP\u00cdA F\u00cdSICA Y REHABILITACI\u00d3N\t\t<\/h3>\n\t\t\t\t<\/div>\n\t\t\t\t<\/a>\n\t\t<\/article>\n\t\t\t\t<article class=\"elementor-portfolio-item elementor-post  post-712 post type-post status-publish format-standard has-post-thumbnail hentry category-certificaciones\" role=\"listitem\">\n\t\t\t<a class=\"elementor-post__thumbnail__link\" href=\"https:\/\/distribuidoraarco.com\/?p=712\">\n\t\t\t\t<div class=\"elementor-portfolio-item__img elementor-post__thumbnail\">\n\t\t\t<img loading=\"lazy\" decoding=\"async\" width=\"300\" height=\"198\" src=\"https:\/\/distribuidoraarco.com\/wp-content\/uploads\/2023\/01\/acupuntura-300x198.jpg\" class=\"attachment-medium size-medium wp-image-931\" alt=\"\" srcset=\"https:\/\/distribuidoraarco.com\/wp-content\/uploads\/2023\/01\/acupuntura-300x198.jpg 300w, https:\/\/distribuidoraarco.com\/wp-content\/uploads\/2023\/01\/acupuntura-600x395.jpg 600w, https:\/\/distribuidoraarco.com\/wp-content\/uploads\/2023\/01\/acupuntura-64x42.jpg 64w, https:\/\/distribuidoraarco.com\/wp-content\/uploads\/2023\/01\/acupuntura.jpg 750w\" sizes=\"(max-width: 300px) 100vw, 300px\" \/>\t\t<\/div>\n\t\t\t\t<div class=\"elementor-portfolio-item__overlay\">\n\t\t\t\t<h3 class=\"elementor-portfolio-item__title\">\n\t\tCERTIFICACI\u00d3N EN ACUPUNTURA\t\t<\/h3>\n\t\t\t\t<\/div>\n\t\t\t\t<\/a>\n\t\t<\/article>\n\t\t\t\t<article class=\"elementor-portfolio-item elementor-post  post-429 post type-post status-publish format-standard has-post-thumbnail hentry category-certificaciones\" role=\"listitem\">\n\t\t\t<a class=\"elementor-post__thumbnail__link\" href=\"https:\/\/distribuidoraarco.com\/?p=429\">\n\t\t\t\t<div class=\"elementor-portfolio-item__img elementor-post__thumbnail\">\n\t\t\t<img loading=\"lazy\" decoding=\"async\" width=\"300\" height=\"198\" src=\"https:\/\/distribuidoraarco.com\/wp-content\/uploads\/2023\/01\/cosmiatria-300x198.jpg\" class=\"attachment-medium size-medium wp-image-933\" alt=\"\" srcset=\"https:\/\/distribuidoraarco.com\/wp-content\/uploads\/2023\/01\/cosmiatria-300x198.jpg 300w, https:\/\/distribuidoraarco.com\/wp-content\/uploads\/2023\/01\/cosmiatria-600x395.jpg 600w, https:\/\/distribuidoraarco.com\/wp-content\/uploads\/2023\/01\/cosmiatria-64x42.jpg 64w, https:\/\/distribuidoraarco.com\/wp-content\/uploads\/2023\/01\/cosmiatria.jpg 750w\" sizes=\"(max-width: 300px) 100vw, 300px\" \/>\t\t<\/div>\n\t\t\t\t<div class=\"elementor-portfolio-item__overlay\">\n\t\t\t\t<h3 class=\"elementor-portfolio-item__title\">\n\t\tCERTIFICACI\u00d3N EN COSMIATR\u00cdA\t\t<\/h3>\n\t\t\t\t<\/div>\n\t\t\t\t<\/a>\n\t\t<\/article>\n\t\t\t\t<\/div>\n\t\t\t\t\t\t<\/div>\n\t\t\t\t<\/div>\n\t\t\t\t<div class=\"elementor-element elementor-element-0d66519 elementor-hidden-desktop elementor-hidden-tablet elementor-hidden-mobile elementor-widget elementor-widget-spacer\" data-id=\"0d66519\" data-element_type=\"widget\" data-e-type=\"widget\" data-widget_type=\"spacer.default\">\n\t\t\t\t<div class=\"elementor-widget-container\">\n\t\t\t\t\t\t\t<div class=\"elementor-spacer\">\n\t\t\t<div class=\"elementor-spacer-inner\"><\/div>\n\t\t<\/div>\n\t\t\t\t\t\t<\/div>\n\t\t\t\t<\/div>\n\t\t\t\t<div class=\"elementor-element elementor-element-b7c7d67 elementor-widget elementor-widget-heading\" data-id=\"b7c7d67\" data-element_type=\"widget\" data-e-type=\"widget\" data-widget_type=\"heading.default\">\n\t\t\t\t<div class=\"elementor-widget-container\">\n\t\t\t\t\t<h2 class=\"elementor-heading-title elementor-size-default\">TALLERES<\/h2>\t\t\t\t<\/div>\n\t\t\t\t<\/div>\n\t\t\t\t<div class=\"elementor-element elementor-element-5949fbd elementor-grid-3 elementor-grid-tablet-2 elementor-grid-mobile-1 elementor-widget elementor-widget-portfolio\" data-id=\"5949fbd\" data-element_type=\"widget\" data-e-type=\"widget\" data-settings=\"{&quot;columns&quot;:&quot;3&quot;,&quot;columns_tablet&quot;:&quot;2&quot;,&quot;columns_mobile&quot;:&quot;1&quot;,&quot;item_ratio&quot;:{&quot;unit&quot;:&quot;px&quot;,&quot;size&quot;:0.66,&quot;sizes&quot;:[]},&quot;item_gap&quot;:{&quot;unit&quot;:&quot;px&quot;,&quot;size&quot;:&quot;&quot;,&quot;sizes&quot;:[]},&quot;row_gap&quot;:{&quot;unit&quot;:&quot;px&quot;,&quot;size&quot;:&quot;&quot;,&quot;sizes&quot;:[]}}\" data-widget_type=\"portfolio.default\">\n\t\t\t\t<div class=\"elementor-widget-container\">\n\t\t\t\t\t\t\t<div class=\"elementor-portfolio elementor-grid elementor-posts-container\" role=\"list\">\n\t\t\t\t<article class=\"elementor-portfolio-item elementor-post  post-917 post type-post status-publish format-standard has-post-thumbnail hentry category-talleres\" role=\"listitem\">\n\t\t\t<a class=\"elementor-post__thumbnail__link\" href=\"https:\/\/distribuidoraarco.com\/?p=917\">\n\t\t\t\t<div class=\"elementor-portfolio-item__img elementor-post__thumbnail\">\n\t\t\t<img loading=\"lazy\" decoding=\"async\" width=\"300\" height=\"198\" src=\"https:\/\/distribuidoraarco.com\/wp-content\/uploads\/2023\/01\/fisioterapia-en-geriatria-300x198.jpg\" class=\"attachment-medium size-medium wp-image-929\" alt=\"\" srcset=\"https:\/\/distribuidoraarco.com\/wp-content\/uploads\/2023\/01\/fisioterapia-en-geriatria-300x198.jpg 300w, https:\/\/distribuidoraarco.com\/wp-content\/uploads\/2023\/01\/fisioterapia-en-geriatria-600x395.jpg 600w, https:\/\/distribuidoraarco.com\/wp-content\/uploads\/2023\/01\/fisioterapia-en-geriatria-64x42.jpg 64w, https:\/\/distribuidoraarco.com\/wp-content\/uploads\/2023\/01\/fisioterapia-en-geriatria.jpg 750w\" sizes=\"(max-width: 300px) 100vw, 300px\" \/>\t\t<\/div>\n\t\t\t\t<div class=\"elementor-portfolio-item__overlay\">\n\t\t\t\t<h3 class=\"elementor-portfolio-item__title\">\n\t\tTALLER DE INTERVENCI\u00d3N FISIOTERAPE\u00daTICA EN GERIATRIA\t\t<\/h3>\n\t\t\t\t<\/div>\n\t\t\t\t<\/a>\n\t\t<\/article>\n\t\t\t\t<\/div>\n\t\t\t\t\t\t<\/div>\n\t\t\t\t<\/div>\n\t\t\t\t<div class=\"elementor-element elementor-element-9c5211d elementor-widget elementor-widget-spacer\" data-id=\"9c5211d\" data-element_type=\"widget\" data-e-type=\"widget\" data-widget_type=\"spacer.default\">\n\t\t\t\t<div class=\"elementor-widget-container\">\n\t\t\t\t\t\t\t<div class=\"elementor-spacer\">\n\t\t\t<div class=\"elementor-spacer-inner\"><\/div>\n\t\t<\/div>\n\t\t\t\t\t\t<\/div>\n\t\t\t\t<\/div>\n\t\t\t\t\t<\/div>\n\t\t<\/div>\n\t\t\t\t\t<\/div>\n\t\t<\/section>\n\t\t\t\t<\/div>\n\t\t","protected":false},"excerpt":{"rendered":"<p>CERTIFICACIONES DIPLOMADOS TALLERES<\/p>\n","protected":false},"author":1,"featured_media":0,"parent":0,"menu_order":0,"comment_status":"closed","ping_status":"closed","template":"","meta":{"site-sidebar-layout":"no-sidebar","site-content-layout":"page-builder","ast-site-content-layout":"default","site-content-style":"default","site-sidebar-style":"default","ast-global-header-display":"","ast-banner-title-visibility":"","ast-main-header-display":"","ast-hfb-above-header-display":"","ast-hfb-below-header-display":"","ast-hfb-mobile-header-display":"","site-post-title":"disabled","ast-breadcrumbs-content":"","ast-featured-img":"disabled","footer-sml-layout":"","ast-disable-related-posts":"","theme-transparent-header-meta":"","adv-header-id-meta":"","stick-header-meta":"","header-above-stick-meta":"","header-main-stick-meta":"","header-below-stick-meta":"","astra-migrate-meta-layouts":"default","ast-page-background-enabled":"default","ast-page-background-meta":{"desktop":{"background-color":"var(--ast-global-color-4)","background-image":"","background-repeat":"repeat","background-position":"center center","background-size":"auto","background-attachment":"scroll","background-type":"","background-media":"","overlay-type":"","overlay-color":"","overlay-opacity":"","overlay-gradient":""},"tablet":{"background-color":"","background-image":"","background-repeat":"repeat","background-position":"center center","background-size":"auto","background-attachment":"scroll","background-type":"","background-media":"","overlay-type":"","overlay-color":"","overlay-opacity":"","overlay-gradient":""},"mobile":{"background-color":"","background-image":"","background-repeat":"repeat","background-position":"center center","background-size":"auto","background-attachment":"scroll","background-type":"","background-media":"","overlay-type":"","overlay-color":"","overlay-opacity":"","overlay-gradient":""}},"ast-content-background-meta":{"desktop":{"background-color":"var(--ast-global-color-5)","background-image":"","background-repeat":"repeat","background-position":"center center","background-size":"auto","background-attachment":"scroll","background-type":"","background-media":"","overlay-type":"","overlay-color":"","overlay-opacity":"","overlay-gradient":""},"tablet":{"background-color":"var(--ast-global-color-5)","background-image":"","background-repeat":"repeat","background-position":"center center","background-size":"auto","background-attachment":"scroll","background-type":"","background-media":"","overlay-type":"","overlay-color":"","overlay-opacity":"","overlay-gradient":""},"mobile":{"background-color":"var(--ast-global-color-5)","background-image":"","background-repeat":"repeat","background-position":"center center","background-size":"auto","background-attachment":"scroll","background-type":"","background-media":"","overlay-type":"","overlay-color":"","overlay-opacity":"","overlay-gradient":""}},"footnotes":""},"class_list":["post-416","page","type-page","status-publish","hentry"],"_links":{"self":[{"href":"https:\/\/distribuidoraarco.com\/index.php?rest_route=\/wp\/v2\/pages\/416","targetHints":{"allow":["GET"]}}],"collection":[{"href":"https:\/\/distribuidoraarco.com\/index.php?rest_route=\/wp\/v2\/pages"}],"about":[{"href":"https:\/\/distribuidoraarco.com\/index.php?rest_route=\/wp\/v2\/types\/page"}],"author":[{"embeddable":true,"href":"https:\/\/distribuidoraarco.com\/index.php?rest_route=\/wp\/v2\/users\/1"}],"replies":[{"embeddable":true,"href":"https:\/\/distribuidoraarco.com\/index.php?rest_route=%2Fwp%2Fv2%2Fcomments&post=416"}],"version-history":[{"count":16,"href":"https:\/\/distribuidoraarco.com\/index.php?rest_route=\/wp\/v2\/pages\/416\/revisions"}],"predecessor-version":[{"id":943,"href":"https:\/\/distribuidoraarco.com\/index.php?rest_route=\/wp\/v2\/pages\/416\/revisions\/943"}],"wp:attachment":[{"href":"https:\/\/distribuidoraarco.com\/index.php?rest_route=%2Fwp%2Fv2%2Fmedia&parent=416"}],"curies":[{"name":"wp","href":"https:\/\/api.w.org\/{rel}","templated":true}]}}